{"id":234554,"date":"2025-04-04T10:55:13","date_gmt":"2025-04-04T10:55:13","guid":{"rendered":"https:\/\/apollotec.pt\/?page_id=234554"},"modified":"2025-04-04T11:13:04","modified_gmt":"2025-04-04T11:13:04","slug":"premios-lusofonos-da-criatividade","status":"publish","type":"page","link":"https:\/\/apollotec.pt\/en\/imprensa\/premios-lusofonos-da-criatividade\/","title":{"rendered":"Pr\u00e9mios Lus\u00f3fonos da Criatividade"},"content":{"rendered":"<div data-elementor-type=\"wp-page\" data-elementor-id=\"234554\" class=\"elementor elementor-234554\" data-elementor-settings=\"{&quot;ha_cmc_init_switcher&quot;:&quot;no&quot;}\" data-elementor-post-type=\"page\">\n\t\t\t\t<div class=\"elementor-element elementor-element-6a10f95 e-flex e-con-boxed wpr-particle-no wpr-jarallax-no wpr-parallax-no wpr-sticky-section-no e-con e-parent\" data-id=\"6a10f95\" data-element_type=\"container\" data-settings=\"{&quot;_ha_eqh_enable&quot;:false}\">\n\t\t\t\t\t<div class=\"e-con-inner\">\n\t\t<div class=\"elementor-element elementor-element-2055be2 e-con-full e-flex wpr-particle-no wpr-jarallax-no wpr-parallax-no wpr-sticky-section-no e-con e-child\" data-id=\"2055be2\" data-element_type=\"container\" data-settings=\"{&quot;_ha_eqh_enable&quot;:false}\">\n\t\t\t\t<div class=\"elementor-element elementor-element-977e99a animated-slow jltma-glass-effect-no elementor-invisible elementor-widget elementor-widget-heading\" data-id=\"977e99a\" data-element_type=\"widget\" data-settings=\"{&quot;_animation&quot;:&quot;fadeIn&quot;}\" data-widget_type=\"heading.default\">\n\t\t\t\t\t<h2 class=\"elementor-heading-title elementor-size-default\">Apollotec shines at the Lusophone Creativity Awards with four distinctions<\/h2>\t\t\t\t<\/div>\n\t\t\t\t<div class=\"elementor-element elementor-element-0fd69ed animated-slow jltma-glass-effect-no elementor-invisible elementor-widget elementor-widget-text-editor\" data-id=\"0fd69ed\" data-element_type=\"widget\" data-settings=\"{&quot;_animation&quot;:&quot;fadeIn&quot;}\" data-widget_type=\"text-editor.default\">\n\t\t\t\t\t\t\t\t\t<p><span style=\"font-weight: 400;\">A <\/span><b>Apollotec<\/b><span style=\"font-weight: 400;\"> foi uma das grandes vencedoras da mais recente edi\u00e7\u00e3o dos Pr\u00e9mios Lus\u00f3fonos da Criatividade, trazendo para casa quatro distin\u00e7\u00f5es que refor\u00e7am o seu posicionamento de excel\u00eancia no setor.<\/span><\/p><p><span style=\"font-weight: 400;\">At the ceremony, held on 2 April, the company won one Gold, two Silver and one Bronze award, a remarkable achievement that highlights its capacity for innovation and quality in the field of technological development and digital communication.<\/span><\/p><p><span style=\"font-weight: 400;\">&#8220;Estas distin\u00e7\u00f5es s\u00e3o o reconhecimento do trabalho \u00e1rduo e da dedica\u00e7\u00e3o da nossa equipa. Demonstram que a tecnologia e a criatividade andam de m\u00e3os dadas e que Portugal, em especial Coimbra, tem talento para competir ao mais alto n\u00edvel&#8221;, afirmou <\/span><b>Ricardo Soares<\/b><span style=\"font-weight: 400;\">, CEO da Apollotec.<\/span><\/p><p><span style=\"font-weight: 400;\">The Lusophone Creativity Awards annually recognise the best projects and companies in the field of communication and innovation in Portuguese-speaking countries. Apollotec's success in this edition reinforces the agency's growth and impact in the national and international market.<\/span><\/p><p><span style=\"font-weight: 400;\">Com uma trajet\u00f3ria consolidada e um portf\u00f3lio de projetos de refer\u00eancia, a <\/span><b>Apollotec<\/b><span style=\"font-weight: 400;\"> continua a apostar na criatividade como motor para o desenvolvimento de solu\u00e7\u00f5es tecnol\u00f3gicas inovadoras. Estes pr\u00e9mios s\u00e3o mais uma prova do seu compromisso com a excel\u00eancia e a inova\u00e7\u00e3o.<\/span><\/p>\t\t\t\t\t\t\t\t<\/div>\n\t\t\t\t<\/div>\n\t\t<div class=\"elementor-element elementor-element-d4e1b24 e-con-full e-flex wpr-particle-no wpr-jarallax-no wpr-parallax-no e-con e-child\" data-id=\"d4e1b24\" data-element_type=\"container\" data-settings=\"{&quot;_ha_eqh_enable&quot;:false}\">\n\t\t\t\t<div class=\"elementor-element elementor-element-3206f1c animated-slow e-transform jltma-glass-effect-no elementor-invisible elementor-widget elementor-widget-image\" data-id=\"3206f1c\" data-element_type=\"widget\" data-settings=\"{&quot;_animation&quot;:&quot;fadeInRight&quot;,&quot;_transform_scale_effect_hover&quot;:{&quot;unit&quot;:&quot;px&quot;,&quot;size&quot;:1.03,&quot;sizes&quot;:[]},&quot;_transform_scale_effect_hover_tablet&quot;:{&quot;unit&quot;:&quot;px&quot;,&quot;size&quot;:&quot;&quot;,&quot;sizes&quot;:[]},&quot;_transform_scale_effect_hover_mobile&quot;:{&quot;unit&quot;:&quot;px&quot;,&quot;size&quot;:&quot;&quot;,&quot;sizes&quot;:[]}}\" data-widget_type=\"image.default\">\n\t\t\t\t\t\t\t\t\t\t\t\t\t\t\t<img fetchpriority=\"high\" decoding=\"async\" width=\"1000\" height=\"1000\" src=\"https:\/\/apollotec.pt\/wp-content\/uploads\/2025\/04\/Design-sem-nome-19.png\" class=\"attachment-full size-full wp-image-234557\" alt=\"pr\u00e9mios apollotec\" srcset=\"https:\/\/apollotec.pt\/wp-content\/uploads\/2025\/04\/Design-sem-nome-19.png 1000w, https:\/\/apollotec.pt\/wp-content\/uploads\/2025\/04\/Design-sem-nome-19-300x300.png 300w, https:\/\/apollotec.pt\/wp-content\/uploads\/2025\/04\/Design-sem-nome-19-150x150.png 150w, https:\/\/apollotec.pt\/wp-content\/uploads\/2025\/04\/Design-sem-nome-19-768x768.png 768w\" sizes=\"(max-width: 1000px) 100vw, 1000px\" \/>\t\t\t\t\t\t\t\t\t\t\t\t\t\t\t<\/div>\n\t\t\t\t<\/div>\n\t\t\t\t\t<\/div>\n\t\t\t\t<\/div>\n\t\t\t\t<\/div>","protected":false},"excerpt":{"rendered":"<p>Apollotec brilha nos Pr\u00e9mios Lus\u00f3fonos da Criatividade com quatro distin\u00e7\u00f5es A Apollotec foi uma das grandes vencedoras da mais recente edi\u00e7\u00e3o dos Pr\u00e9mios Lus\u00f3fonos da Criatividade, trazendo para casa quatro distin\u00e7\u00f5es que refor\u00e7am o seu posicionamento de excel\u00eancia no setor. Na cerim\u00f3nia, realizada no dia 02 de abril, a empresa arrecadou um Ouro, duas Pratas e um Bronze, um feito not\u00e1vel que destaca a sua capacidade de inova\u00e7\u00e3o e qualidade na \u00e1rea do desenvolvimento tecnol\u00f3gico e comunica\u00e7\u00e3o digital. &#8220;Estas distin\u00e7\u00f5es s\u00e3o o reconhecimento do trabalho \u00e1rduo e da dedica\u00e7\u00e3o da nossa equipa. Demonstram que a tecnologia e a criatividade andam de m\u00e3os dadas e que Portugal, em especial Coimbra, tem talento para competir ao mais alto n\u00edvel&#8221;, afirmou Ricardo Soares, CEO da Apollotec. Os Pr\u00e9mios Lus\u00f3fonos da Criatividade distinguem anualmente os melhores projetos e empresas na \u00e1rea da comunica\u00e7\u00e3o e inova\u00e7\u00e3o nos pa\u00edses de l\u00edngua portuguesa. O sucesso da Apollotec nesta edi\u00e7\u00e3o refor\u00e7a o crescimento e impacto da ag\u00eancia no mercado nacional e internacional. Com uma trajet\u00f3ria consolidada e um portf\u00f3lio de projetos de refer\u00eancia, a Apollotec continua a apostar na criatividade como motor para o desenvolvimento de solu\u00e7\u00f5es tecnol\u00f3gicas inovadoras. Estes pr\u00e9mios s\u00e3o mais uma prova do seu compromisso com a excel\u00eancia e a inova\u00e7\u00e3o.<\/p>","protected":false},"author":1,"featured_media":0,"parent":228683,"menu_order":0,"comment_status":"closed","ping_status":"closed","template":"elementor_header_footer","meta":{"_acf_changed":false,"footnotes":""},"class_list":["post-234554","page","type-page","status-publish","hentry"],"acf":[],"yoast_head":"<!-- This site is optimized with the Yoast SEO plugin v26.4 - https:\/\/yoast.com\/wordpress\/plugins\/seo\/ -->\n<title>Pr\u00e9mios Lus\u00f3fonos da Criatividade | Apollotec<\/title>\n<meta name=\"description\" content=\"A Apollotec foi uma das grandes vencedoras da mais recente edi\u00e7\u00e3o dos Pr\u00e9mios Lus\u00f3fonos da Criatividade, trazendo para casa quatro distin\u00e7\u00f5es que refor\u00e7am o seu posicionamento de excel\u00eancia no setor.\" \/>\n<meta name=\"robots\" content=\"index, follow, max-snippet:-1, max-image-preview:large, max-video-preview:-1\" \/>\n<link rel=\"canonical\" href=\"https:\/\/apollotec.pt\/en\/imprensa\/premios-lusofonos-da-criatividade\/\" \/>\n<meta property=\"og:locale\" content=\"en_GB\" \/>\n<meta property=\"og:type\" content=\"article\" \/>\n<meta property=\"og:title\" content=\"Pr\u00e9mios Lus\u00f3fonos da Criatividade | Apollotec\" \/>\n<meta property=\"og:description\" content=\"A Apollotec foi uma das grandes vencedoras da mais recente edi\u00e7\u00e3o dos Pr\u00e9mios Lus\u00f3fonos da Criatividade, trazendo para casa quatro distin\u00e7\u00f5es que refor\u00e7am o seu posicionamento de excel\u00eancia no setor.\" \/>\n<meta property=\"og:url\" content=\"https:\/\/apollotec.pt\/en\/imprensa\/premios-lusofonos-da-criatividade\/\" \/>\n<meta property=\"og:site_name\" content=\"Apollotec\" \/>\n<meta property=\"article:publisher\" content=\"https:\/\/www.facebook.com\/apollotecoficial\" \/>\n<meta property=\"article:modified_time\" content=\"2025-04-04T11:13:04+00:00\" \/>\n<meta property=\"og:image\" content=\"https:\/\/apollotec.pt\/wp-content\/uploads\/2025\/04\/Design-sem-nome-19.png\" \/>\n<meta name=\"twitter:card\" content=\"summary_large_image\" \/>\n<meta name=\"twitter:label1\" content=\"Estimated reading time\" \/>\n\t<meta name=\"twitter:data1\" content=\"2 minutes\" \/>\n<script type=\"application\/ld+json\" class=\"yoast-schema-graph\">{\"@context\":\"https:\/\/schema.org\",\"@graph\":[{\"@type\":\"WebPage\",\"@id\":\"https:\/\/apollotec.pt\/pt\/imprensa\/premios-lusofonos-da-criatividade\/\",\"url\":\"https:\/\/apollotec.pt\/pt\/imprensa\/premios-lusofonos-da-criatividade\/\",\"name\":\"Pr\u00e9mios Lus\u00f3fonos da Criatividade | Apollotec\",\"isPartOf\":{\"@id\":\"https:\/\/apollotec.pt\/pt\/#website\"},\"primaryImageOfPage\":{\"@id\":\"https:\/\/apollotec.pt\/pt\/imprensa\/premios-lusofonos-da-criatividade\/#primaryimage\"},\"image\":{\"@id\":\"https:\/\/apollotec.pt\/pt\/imprensa\/premios-lusofonos-da-criatividade\/#primaryimage\"},\"thumbnailUrl\":\"https:\/\/apollotec.pt\/wp-content\/uploads\/2025\/04\/Design-sem-nome-19.png\",\"datePublished\":\"2025-04-04T10:55:13+00:00\",\"dateModified\":\"2025-04-04T11:13:04+00:00\",\"description\":\"A Apollotec foi uma das grandes vencedoras da mais recente edi\u00e7\u00e3o dos Pr\u00e9mios Lus\u00f3fonos da Criatividade, trazendo para casa quatro distin\u00e7\u00f5es que refor\u00e7am o seu posicionamento de excel\u00eancia no setor.\",\"breadcrumb\":{\"@id\":\"https:\/\/apollotec.pt\/pt\/imprensa\/premios-lusofonos-da-criatividade\/#breadcrumb\"},\"inLanguage\":\"en-GB\",\"potentialAction\":[{\"@type\":\"ReadAction\",\"target\":[\"https:\/\/apollotec.pt\/pt\/imprensa\/premios-lusofonos-da-criatividade\/\"]}]},{\"@type\":\"ImageObject\",\"inLanguage\":\"en-GB\",\"@id\":\"https:\/\/apollotec.pt\/pt\/imprensa\/premios-lusofonos-da-criatividade\/#primaryimage\",\"url\":\"https:\/\/apollotec.pt\/wp-content\/uploads\/2025\/04\/Design-sem-nome-19.png\",\"contentUrl\":\"https:\/\/apollotec.pt\/wp-content\/uploads\/2025\/04\/Design-sem-nome-19.png\"},{\"@type\":\"BreadcrumbList\",\"@id\":\"https:\/\/apollotec.pt\/pt\/imprensa\/premios-lusofonos-da-criatividade\/#breadcrumb\",\"itemListElement\":[{\"@type\":\"ListItem\",\"position\":1,\"name\":\"In\u00edcio\",\"item\":\"https:\/\/apollotec.pt\/\"},{\"@type\":\"ListItem\",\"position\":2,\"name\":\"Imprensa\",\"item\":\"https:\/\/apollotec.pt\/pt\/imprensa\/\"},{\"@type\":\"ListItem\",\"position\":3,\"name\":\"Pr\u00e9mios Lus\u00f3fonos da Criatividade\"}]},{\"@type\":\"WebSite\",\"@id\":\"https:\/\/apollotec.pt\/pt\/#website\",\"url\":\"https:\/\/apollotec.pt\/pt\/\",\"name\":\"Apollotec\",\"description\":\"\",\"publisher\":{\"@id\":\"https:\/\/apollotec.pt\/pt\/#organization\"},\"potentialAction\":[{\"@type\":\"SearchAction\",\"target\":{\"@type\":\"EntryPoint\",\"urlTemplate\":\"https:\/\/apollotec.pt\/pt\/?s={search_term_string}\"},\"query-input\":{\"@type\":\"PropertyValueSpecification\",\"valueRequired\":true,\"valueName\":\"search_term_string\"}}],\"inLanguage\":\"en-GB\"},{\"@type\":\"Organization\",\"@id\":\"https:\/\/apollotec.pt\/pt\/#organization\",\"name\":\"Apollotec\",\"url\":\"https:\/\/apollotec.pt\/pt\/\",\"logo\":{\"@type\":\"ImageObject\",\"inLanguage\":\"en-GB\",\"@id\":\"https:\/\/apollotec.pt\/pt\/#\/schema\/logo\/image\/\",\"url\":\"\",\"contentUrl\":\"\",\"caption\":\"Apollotec\"},\"image\":{\"@id\":\"https:\/\/apollotec.pt\/pt\/#\/schema\/logo\/image\/\"},\"sameAs\":[\"https:\/\/www.facebook.com\/apollotecoficial\",\"https:\/\/www.instagram.com\/apollotecoficial\/\",\"https:\/\/www.linkedin.com\/company\/apollotec\/\"]}]}<\/script>\n<!-- \/ Yoast SEO plugin. -->","yoast_head_json":{"title":"Pr\u00e9mios Lus\u00f3fonos da Criatividade | Apollotec","description":"A Apollotec foi uma das grandes vencedoras da mais recente edi\u00e7\u00e3o dos Pr\u00e9mios Lus\u00f3fonos da Criatividade, trazendo para casa quatro distin\u00e7\u00f5es que refor\u00e7am o seu posicionamento de excel\u00eancia no setor.","robots":{"index":"index","follow":"follow","max-snippet":"max-snippet:-1","max-image-preview":"max-image-preview:large","max-video-preview":"max-video-preview:-1"},"canonical":"https:\/\/apollotec.pt\/en\/imprensa\/premios-lusofonos-da-criatividade\/","og_locale":"en_GB","og_type":"article","og_title":"Pr\u00e9mios Lus\u00f3fonos da Criatividade | Apollotec","og_description":"A Apollotec foi uma das grandes vencedoras da mais recente edi\u00e7\u00e3o dos Pr\u00e9mios Lus\u00f3fonos da Criatividade, trazendo para casa quatro distin\u00e7\u00f5es que refor\u00e7am o seu posicionamento de excel\u00eancia no setor.","og_url":"https:\/\/apollotec.pt\/en\/imprensa\/premios-lusofonos-da-criatividade\/","og_site_name":"Apollotec","article_publisher":"https:\/\/www.facebook.com\/apollotecoficial","article_modified_time":"2025-04-04T11:13:04+00:00","og_image":[{"url":"https:\/\/apollotec.pt\/wp-content\/uploads\/2025\/04\/Design-sem-nome-19.png","type":"","width":"","height":""}],"twitter_card":"summary_large_image","twitter_misc":{"Estimated reading time":"2 minutes"},"schema":{"@context":"https:\/\/schema.org","@graph":[{"@type":"WebPage","@id":"https:\/\/apollotec.pt\/pt\/imprensa\/premios-lusofonos-da-criatividade\/","url":"https:\/\/apollotec.pt\/pt\/imprensa\/premios-lusofonos-da-criatividade\/","name":"Pr\u00e9mios Lus\u00f3fonos da Criatividade | Apollotec","isPartOf":{"@id":"https:\/\/apollotec.pt\/pt\/#website"},"primaryImageOfPage":{"@id":"https:\/\/apollotec.pt\/pt\/imprensa\/premios-lusofonos-da-criatividade\/#primaryimage"},"image":{"@id":"https:\/\/apollotec.pt\/pt\/imprensa\/premios-lusofonos-da-criatividade\/#primaryimage"},"thumbnailUrl":"https:\/\/apollotec.pt\/wp-content\/uploads\/2025\/04\/Design-sem-nome-19.png","datePublished":"2025-04-04T10:55:13+00:00","dateModified":"2025-04-04T11:13:04+00:00","description":"A Apollotec foi uma das grandes vencedoras da mais recente edi\u00e7\u00e3o dos Pr\u00e9mios Lus\u00f3fonos da Criatividade, trazendo para casa quatro distin\u00e7\u00f5es que refor\u00e7am o seu posicionamento de excel\u00eancia no setor.","breadcrumb":{"@id":"https:\/\/apollotec.pt\/pt\/imprensa\/premios-lusofonos-da-criatividade\/#breadcrumb"},"inLanguage":"en-GB","potentialAction":[{"@type":"ReadAction","target":["https:\/\/apollotec.pt\/pt\/imprensa\/premios-lusofonos-da-criatividade\/"]}]},{"@type":"ImageObject","inLanguage":"en-GB","@id":"https:\/\/apollotec.pt\/pt\/imprensa\/premios-lusofonos-da-criatividade\/#primaryimage","url":"https:\/\/apollotec.pt\/wp-content\/uploads\/2025\/04\/Design-sem-nome-19.png","contentUrl":"https:\/\/apollotec.pt\/wp-content\/uploads\/2025\/04\/Design-sem-nome-19.png"},{"@type":"BreadcrumbList","@id":"https:\/\/apollotec.pt\/pt\/imprensa\/premios-lusofonos-da-criatividade\/#breadcrumb","itemListElement":[{"@type":"ListItem","position":1,"name":"In\u00edcio","item":"https:\/\/apollotec.pt\/"},{"@type":"ListItem","position":2,"name":"Imprensa","item":"https:\/\/apollotec.pt\/pt\/imprensa\/"},{"@type":"ListItem","position":3,"name":"Pr\u00e9mios Lus\u00f3fonos da Criatividade"}]},{"@type":"WebSite","@id":"https:\/\/apollotec.pt\/pt\/#website","url":"https:\/\/apollotec.pt\/pt\/","name":"Apollotec","description":"","publisher":{"@id":"https:\/\/apollotec.pt\/pt\/#organization"},"potentialAction":[{"@type":"SearchAction","target":{"@type":"EntryPoint","urlTemplate":"https:\/\/apollotec.pt\/pt\/?s={search_term_string}"},"query-input":{"@type":"PropertyValueSpecification","valueRequired":true,"valueName":"search_term_string"}}],"inLanguage":"en-GB"},{"@type":"Organization","@id":"https:\/\/apollotec.pt\/pt\/#organization","name":"Apollotec","url":"https:\/\/apollotec.pt\/pt\/","logo":{"@type":"ImageObject","inLanguage":"en-GB","@id":"https:\/\/apollotec.pt\/pt\/#\/schema\/logo\/image\/","url":"","contentUrl":"","caption":"Apollotec"},"image":{"@id":"https:\/\/apollotec.pt\/pt\/#\/schema\/logo\/image\/"},"sameAs":["https:\/\/www.facebook.com\/apollotecoficial","https:\/\/www.instagram.com\/apollotecoficial\/","https:\/\/www.linkedin.com\/company\/apollotec\/"]}]}},"_links":{"self":[{"href":"https:\/\/apollotec.pt\/en\/wp-json\/wp\/v2\/pages\/234554","targetHints":{"allow":["GET"]}}],"collection":[{"href":"https:\/\/apollotec.pt\/en\/wp-json\/wp\/v2\/pages"}],"about":[{"href":"https:\/\/apollotec.pt\/en\/wp-json\/wp\/v2\/types\/page"}],"author":[{"embeddable":true,"href":"https:\/\/apollotec.pt\/en\/wp-json\/wp\/v2\/users\/1"}],"replies":[{"embeddable":true,"href":"https:\/\/apollotec.pt\/en\/wp-json\/wp\/v2\/comments?post=234554"}],"version-history":[{"count":0,"href":"https:\/\/apollotec.pt\/en\/wp-json\/wp\/v2\/pages\/234554\/revisions"}],"up":[{"embeddable":true,"href":"https:\/\/apollotec.pt\/en\/wp-json\/wp\/v2\/pages\/228683"}],"wp:attachment":[{"href":"https:\/\/apollotec.pt\/en\/wp-json\/wp\/v2\/media?parent=234554"}],"curies":[{"name":"wp","href":"https:\/\/api.w.org\/{rel}","templated":true}]}}