{"id":231745,"date":"2025-02-25T10:00:13","date_gmt":"2025-02-25T10:00:13","guid":{"rendered":"https:\/\/apollotec.pt\/?page_id=231745"},"modified":"2025-03-18T14:56:21","modified_gmt":"2025-03-18T14:56:21","slug":"pme","status":"publish","type":"page","link":"https:\/\/apollotec.pt\/en\/imprensa\/pme\/","title":{"rendered":"PME"},"content":{"rendered":"<div data-elementor-type=\"wp-page\" data-elementor-id=\"231745\" class=\"elementor elementor-231745\" data-elementor-settings=\"{&quot;ha_cmc_init_switcher&quot;:&quot;no&quot;}\" data-elementor-post-type=\"page\">\n\t\t\t\t<div class=\"elementor-element elementor-element-6a10f95 e-flex e-con-boxed wpr-particle-no wpr-jarallax-no wpr-parallax-no wpr-sticky-section-no e-con e-parent\" data-id=\"6a10f95\" data-element_type=\"container\" data-settings=\"{&quot;_ha_eqh_enable&quot;:false}\">\n\t\t\t\t\t<div class=\"e-con-inner\">\n\t\t<div class=\"elementor-element elementor-element-2055be2 e-con-full e-flex wpr-particle-no wpr-jarallax-no wpr-parallax-no wpr-sticky-section-no e-con e-child\" data-id=\"2055be2\" data-element_type=\"container\" data-settings=\"{&quot;_ha_eqh_enable&quot;:false}\">\n\t\t\t\t<div class=\"elementor-element elementor-element-977e99a animated-slow jltma-glass-effect-no elementor-invisible elementor-widget elementor-widget-heading\" data-id=\"977e99a\" data-element_type=\"widget\" data-settings=\"{&quot;_animation&quot;:&quot;fadeIn&quot;}\" data-widget_type=\"heading.default\">\n\t\t\t\t\t<h2 class=\"elementor-heading-title elementor-size-default\">Apollotec recognised as one of Portugal's Top 5% Best SMEs for the second consecutive year<\/h2>\t\t\t\t<\/div>\n\t\t\t\t<div class=\"elementor-element elementor-element-0fd69ed animated-slow jltma-glass-effect-no elementor-invisible elementor-widget elementor-widget-text-editor\" data-id=\"0fd69ed\" data-element_type=\"widget\" data-settings=\"{&quot;_animation&quot;:&quot;fadeIn&quot;}\" data-widget_type=\"text-editor.default\">\n\t\t\t\t\t\t\t\t\t<p>A <strong>Apollotec<\/strong>, empresa especializada em desenvolvimento web e servi\u00e7os cloud, foi novamente distinguida como uma das Top 5% Melhores PMEs de Portugal pela Scoring. Este \u00e9 o segundo ano consecutivo em que a empresa recebe esta distin\u00e7\u00e3o, refor\u00e7ando o seu compromisso com a inova\u00e7\u00e3o, excel\u00eancia e crescimento sustent\u00e1vel no setor tecnol\u00f3gico.<\/p>\n<p>The SME Scoring Top 5% award recognises companies that demonstrate high economic and financial performance, meeting demanding criteria for sustainability, soundness and trust in the market.<\/p><p>&#8220;Este reconhecimento \u00e9 um reflexo do trabalho \u00e1rduo da nossa equipa e da confian\u00e7a dos nossos clientes. Continuaremos a inovar e a contribuir para a digitaliza\u00e7\u00e3o das empresas portuguesas&#8221;, afirma Ricardo Soares, CEO da <strong>Apollotec<\/strong>.<\/p>\n<p>Fundada em 2016, a <strong>Apollotec<\/strong> tem vindo a crescer e a consolidar-se como uma refer\u00eancia nacional, ajudando empresas a fortalecer a sua presen\u00e7a digital atrav\u00e9s de solu\u00e7\u00f5es personalizadas de tecnologia e cloud computing.<\/p>\n<p>Este pr\u00e9mio refor\u00e7a a credibilidade da <strong>Apollotec<\/strong> no setor e destaca o seu compromisso com a qualidade e a satisfa\u00e7\u00e3o dos clientes.<\/p>\t\t\t\t\t\t\t\t<\/div>\n\t\t\t\t<\/div>\n\t\t<div class=\"elementor-element elementor-element-d4e1b24 e-con-full e-flex wpr-particle-no wpr-jarallax-no wpr-parallax-no e-con e-child\" data-id=\"d4e1b24\" data-element_type=\"container\" data-settings=\"{&quot;_ha_eqh_enable&quot;:false}\">\n\t\t\t\t<div class=\"elementor-element elementor-element-3206f1c animated-slow e-transform jltma-glass-effect-no elementor-invisible elementor-widget elementor-widget-image\" data-id=\"3206f1c\" data-element_type=\"widget\" data-settings=\"{&quot;_animation&quot;:&quot;fadeInRight&quot;,&quot;_transform_scale_effect_hover&quot;:{&quot;unit&quot;:&quot;px&quot;,&quot;size&quot;:1.03,&quot;sizes&quot;:[]},&quot;_transform_scale_effect_hover_tablet&quot;:{&quot;unit&quot;:&quot;px&quot;,&quot;size&quot;:&quot;&quot;,&quot;sizes&quot;:[]},&quot;_transform_scale_effect_hover_mobile&quot;:{&quot;unit&quot;:&quot;px&quot;,&quot;size&quot;:&quot;&quot;,&quot;sizes&quot;:[]}}\" data-widget_type=\"image.default\">\n\t\t\t\t\t\t\t\t\t\t\t\t\t\t\t<img fetchpriority=\"high\" decoding=\"async\" width=\"1000\" height=\"925\" src=\"https:\/\/apollotec.pt\/wp-content\/uploads\/2025\/02\/Digital_card.jpg\" class=\"attachment-full size-full wp-image-231747\" alt=\"\" srcset=\"https:\/\/apollotec.pt\/wp-content\/uploads\/2025\/02\/Digital_card.jpg 1000w, https:\/\/apollotec.pt\/wp-content\/uploads\/2025\/02\/Digital_card-300x278.jpg 300w, https:\/\/apollotec.pt\/wp-content\/uploads\/2025\/02\/Digital_card-768x710.jpg 768w\" sizes=\"(max-width: 1000px) 100vw, 1000px\" \/>\t\t\t\t\t\t\t\t\t\t\t\t\t\t\t<\/div>\n\t\t\t\t<\/div>\n\t\t\t\t\t<\/div>\n\t\t\t\t<\/div>\n\t\t\t\t<\/div>","protected":false},"excerpt":{"rendered":"<p>Apollotec reconhecida como Top 5% Melhores PMEs de Portugal pelo segundo ano consecutivo A Apollotec, empresa especializada em desenvolvimento web e servi\u00e7os cloud, foi novamente distinguida como uma das Top 5% Melhores PMEs de Portugal pela Scoring. Este \u00e9 o segundo ano consecutivo em que a empresa recebe esta distin\u00e7\u00e3o, refor\u00e7ando o seu compromisso com a inova\u00e7\u00e3o, excel\u00eancia e crescimento sustent\u00e1vel no setor tecnol\u00f3gico. O pr\u00e9mio PME Scoring Top 5% reconhece empresas que apresentam elevado desempenho econ\u00f3mico e financeiro, cumprindo crit\u00e9rios exigentes de sustentabilidade, solidez e confian\u00e7a no mercado. &#8220;Este reconhecimento \u00e9 um reflexo do trabalho \u00e1rduo da nossa equipa e da confian\u00e7a dos nossos clientes. Continuaremos a inovar e a contribuir para a digitaliza\u00e7\u00e3o das empresas portuguesas&#8221;, afirma Ricardo Soares, CEO da Apollotec. Fundada em 2016, a Apollotec tem vindo a crescer e a consolidar-se como uma refer\u00eancia nacional, ajudando empresas a fortalecer a sua presen\u00e7a digital atrav\u00e9s de solu\u00e7\u00f5es personalizadas de tecnologia e cloud computing. Este pr\u00e9mio refor\u00e7a a credibilidade da Apollotec no setor e destaca o seu compromisso com a qualidade e a satisfa\u00e7\u00e3o dos clientes.<\/p>","protected":false},"author":1,"featured_media":0,"parent":228683,"menu_order":0,"comment_status":"closed","ping_status":"closed","template":"elementor_header_footer","meta":{"_acf_changed":false,"footnotes":""},"class_list":["post-231745","page","type-page","status-publish","hentry"],"acf":[],"yoast_head":"<!-- This site is optimized with the Yoast SEO plugin v26.4 - https:\/\/yoast.com\/wordpress\/plugins\/seo\/ -->\n<title>PME | Apollotec<\/title>\n<meta name=\"description\" content=\"A Apollotec, empresa especializada em desenvolvimento web e servi\u00e7os cloud, foi novamente distinguida como uma das Top 5% Melhores PMEs de Portugal pela Scoring\" \/>\n<meta name=\"robots\" content=\"index, follow, max-snippet:-1, max-image-preview:large, max-video-preview:-1\" \/>\n<link rel=\"canonical\" href=\"https:\/\/apollotec.pt\/en\/imprensa\/pme\/\" \/>\n<meta property=\"og:locale\" content=\"en_GB\" \/>\n<meta property=\"og:type\" content=\"article\" \/>\n<meta property=\"og:title\" content=\"PME | Apollotec\" \/>\n<meta property=\"og:description\" content=\"A Apollotec, empresa especializada em desenvolvimento web e servi\u00e7os cloud, foi novamente distinguida como uma das Top 5% Melhores PMEs de Portugal pela Scoring\" \/>\n<meta property=\"og:url\" content=\"https:\/\/apollotec.pt\/en\/imprensa\/pme\/\" \/>\n<meta property=\"og:site_name\" content=\"Apollotec\" \/>\n<meta property=\"article:publisher\" content=\"https:\/\/www.facebook.com\/apollotecoficial\" \/>\n<meta property=\"article:modified_time\" content=\"2025-03-18T14:56:21+00:00\" \/>\n<meta property=\"og:image\" content=\"https:\/\/apollotec.pt\/wp-content\/uploads\/2025\/02\/Digital_card.jpg\" \/>\n<meta name=\"twitter:card\" content=\"summary_large_image\" \/>\n<script type=\"application\/ld+json\" class=\"yoast-schema-graph\">{\"@context\":\"https:\/\/schema.org\",\"@graph\":[{\"@type\":\"WebPage\",\"@id\":\"https:\/\/apollotec.pt\/pt\/imprensa\/pme\/\",\"url\":\"https:\/\/apollotec.pt\/pt\/imprensa\/pme\/\",\"name\":\"PME | Apollotec\",\"isPartOf\":{\"@id\":\"https:\/\/apollotec.pt\/pt\/#website\"},\"primaryImageOfPage\":{\"@id\":\"https:\/\/apollotec.pt\/pt\/imprensa\/pme\/#primaryimage\"},\"image\":{\"@id\":\"https:\/\/apollotec.pt\/pt\/imprensa\/pme\/#primaryimage\"},\"thumbnailUrl\":\"https:\/\/apollotec.pt\/wp-content\/uploads\/2025\/02\/Digital_card.jpg\",\"datePublished\":\"2025-02-25T10:00:13+00:00\",\"dateModified\":\"2025-03-18T14:56:21+00:00\",\"description\":\"A Apollotec, empresa especializada em desenvolvimento web e servi\u00e7os cloud, foi novamente distinguida como uma das Top 5% Melhores PMEs de Portugal pela Scoring\",\"breadcrumb\":{\"@id\":\"https:\/\/apollotec.pt\/pt\/imprensa\/pme\/#breadcrumb\"},\"inLanguage\":\"en-GB\",\"potentialAction\":[{\"@type\":\"ReadAction\",\"target\":[\"https:\/\/apollotec.pt\/pt\/imprensa\/pme\/\"]}]},{\"@type\":\"ImageObject\",\"inLanguage\":\"en-GB\",\"@id\":\"https:\/\/apollotec.pt\/pt\/imprensa\/pme\/#primaryimage\",\"url\":\"https:\/\/apollotec.pt\/wp-content\/uploads\/2025\/02\/Digital_card.jpg\",\"contentUrl\":\"https:\/\/apollotec.pt\/wp-content\/uploads\/2025\/02\/Digital_card.jpg\"},{\"@type\":\"BreadcrumbList\",\"@id\":\"https:\/\/apollotec.pt\/pt\/imprensa\/pme\/#breadcrumb\",\"itemListElement\":[{\"@type\":\"ListItem\",\"position\":1,\"name\":\"In\u00edcio\",\"item\":\"https:\/\/apollotec.pt\/\"},{\"@type\":\"ListItem\",\"position\":2,\"name\":\"Imprensa\",\"item\":\"https:\/\/apollotec.pt\/pt\/imprensa\/\"},{\"@type\":\"ListItem\",\"position\":3,\"name\":\"PME\"}]},{\"@type\":\"WebSite\",\"@id\":\"https:\/\/apollotec.pt\/pt\/#website\",\"url\":\"https:\/\/apollotec.pt\/pt\/\",\"name\":\"Apollotec\",\"description\":\"\",\"publisher\":{\"@id\":\"https:\/\/apollotec.pt\/pt\/#organization\"},\"potentialAction\":[{\"@type\":\"SearchAction\",\"target\":{\"@type\":\"EntryPoint\",\"urlTemplate\":\"https:\/\/apollotec.pt\/pt\/?s={search_term_string}\"},\"query-input\":{\"@type\":\"PropertyValueSpecification\",\"valueRequired\":true,\"valueName\":\"search_term_string\"}}],\"inLanguage\":\"en-GB\"},{\"@type\":\"Organization\",\"@id\":\"https:\/\/apollotec.pt\/pt\/#organization\",\"name\":\"Apollotec\",\"url\":\"https:\/\/apollotec.pt\/pt\/\",\"logo\":{\"@type\":\"ImageObject\",\"inLanguage\":\"en-GB\",\"@id\":\"https:\/\/apollotec.pt\/pt\/#\/schema\/logo\/image\/\",\"url\":\"\",\"contentUrl\":\"\",\"caption\":\"Apollotec\"},\"image\":{\"@id\":\"https:\/\/apollotec.pt\/pt\/#\/schema\/logo\/image\/\"},\"sameAs\":[\"https:\/\/www.facebook.com\/apollotecoficial\",\"https:\/\/www.instagram.com\/apollotecoficial\/\",\"https:\/\/www.linkedin.com\/company\/apollotec\/\"]}]}<\/script>\n<!-- \/ Yoast SEO plugin. -->","yoast_head_json":{"title":"PME | Apollotec","description":"A Apollotec, empresa especializada em desenvolvimento web e servi\u00e7os cloud, foi novamente distinguida como uma das Top 5% Melhores PMEs de Portugal pela Scoring","robots":{"index":"index","follow":"follow","max-snippet":"max-snippet:-1","max-image-preview":"max-image-preview:large","max-video-preview":"max-video-preview:-1"},"canonical":"https:\/\/apollotec.pt\/en\/imprensa\/pme\/","og_locale":"en_GB","og_type":"article","og_title":"PME | Apollotec","og_description":"A Apollotec, empresa especializada em desenvolvimento web e servi\u00e7os cloud, foi novamente distinguida como uma das Top 5% Melhores PMEs de Portugal pela Scoring","og_url":"https:\/\/apollotec.pt\/en\/imprensa\/pme\/","og_site_name":"Apollotec","article_publisher":"https:\/\/www.facebook.com\/apollotecoficial","article_modified_time":"2025-03-18T14:56:21+00:00","og_image":[{"url":"https:\/\/apollotec.pt\/wp-content\/uploads\/2025\/02\/Digital_card.jpg","type":"","width":"","height":""}],"twitter_card":"summary_large_image","schema":{"@context":"https:\/\/schema.org","@graph":[{"@type":"WebPage","@id":"https:\/\/apollotec.pt\/pt\/imprensa\/pme\/","url":"https:\/\/apollotec.pt\/pt\/imprensa\/pme\/","name":"PME | Apollotec","isPartOf":{"@id":"https:\/\/apollotec.pt\/pt\/#website"},"primaryImageOfPage":{"@id":"https:\/\/apollotec.pt\/pt\/imprensa\/pme\/#primaryimage"},"image":{"@id":"https:\/\/apollotec.pt\/pt\/imprensa\/pme\/#primaryimage"},"thumbnailUrl":"https:\/\/apollotec.pt\/wp-content\/uploads\/2025\/02\/Digital_card.jpg","datePublished":"2025-02-25T10:00:13+00:00","dateModified":"2025-03-18T14:56:21+00:00","description":"A Apollotec, empresa especializada em desenvolvimento web e servi\u00e7os cloud, foi novamente distinguida como uma das Top 5% Melhores PMEs de Portugal pela Scoring","breadcrumb":{"@id":"https:\/\/apollotec.pt\/pt\/imprensa\/pme\/#breadcrumb"},"inLanguage":"en-GB","potentialAction":[{"@type":"ReadAction","target":["https:\/\/apollotec.pt\/pt\/imprensa\/pme\/"]}]},{"@type":"ImageObject","inLanguage":"en-GB","@id":"https:\/\/apollotec.pt\/pt\/imprensa\/pme\/#primaryimage","url":"https:\/\/apollotec.pt\/wp-content\/uploads\/2025\/02\/Digital_card.jpg","contentUrl":"https:\/\/apollotec.pt\/wp-content\/uploads\/2025\/02\/Digital_card.jpg"},{"@type":"BreadcrumbList","@id":"https:\/\/apollotec.pt\/pt\/imprensa\/pme\/#breadcrumb","itemListElement":[{"@type":"ListItem","position":1,"name":"In\u00edcio","item":"https:\/\/apollotec.pt\/"},{"@type":"ListItem","position":2,"name":"Imprensa","item":"https:\/\/apollotec.pt\/pt\/imprensa\/"},{"@type":"ListItem","position":3,"name":"PME"}]},{"@type":"WebSite","@id":"https:\/\/apollotec.pt\/pt\/#website","url":"https:\/\/apollotec.pt\/pt\/","name":"Apollotec","description":"","publisher":{"@id":"https:\/\/apollotec.pt\/pt\/#organization"},"potentialAction":[{"@type":"SearchAction","target":{"@type":"EntryPoint","urlTemplate":"https:\/\/apollotec.pt\/pt\/?s={search_term_string}"},"query-input":{"@type":"PropertyValueSpecification","valueRequired":true,"valueName":"search_term_string"}}],"inLanguage":"en-GB"},{"@type":"Organization","@id":"https:\/\/apollotec.pt\/pt\/#organization","name":"Apollotec","url":"https:\/\/apollotec.pt\/pt\/","logo":{"@type":"ImageObject","inLanguage":"en-GB","@id":"https:\/\/apollotec.pt\/pt\/#\/schema\/logo\/image\/","url":"","contentUrl":"","caption":"Apollotec"},"image":{"@id":"https:\/\/apollotec.pt\/pt\/#\/schema\/logo\/image\/"},"sameAs":["https:\/\/www.facebook.com\/apollotecoficial","https:\/\/www.instagram.com\/apollotecoficial\/","https:\/\/www.linkedin.com\/company\/apollotec\/"]}]}},"_links":{"self":[{"href":"https:\/\/apollotec.pt\/en\/wp-json\/wp\/v2\/pages\/231745","targetHints":{"allow":["GET"]}}],"collection":[{"href":"https:\/\/apollotec.pt\/en\/wp-json\/wp\/v2\/pages"}],"about":[{"href":"https:\/\/apollotec.pt\/en\/wp-json\/wp\/v2\/types\/page"}],"author":[{"embeddable":true,"href":"https:\/\/apollotec.pt\/en\/wp-json\/wp\/v2\/users\/1"}],"replies":[{"embeddable":true,"href":"https:\/\/apollotec.pt\/en\/wp-json\/wp\/v2\/comments?post=231745"}],"version-history":[{"count":0,"href":"https:\/\/apollotec.pt\/en\/wp-json\/wp\/v2\/pages\/231745\/revisions"}],"up":[{"embeddable":true,"href":"https:\/\/apollotec.pt\/en\/wp-json\/wp\/v2\/pages\/228683"}],"wp:attachment":[{"href":"https:\/\/apollotec.pt\/en\/wp-json\/wp\/v2\/media?parent=231745"}],"curies":[{"name":"wp","href":"https:\/\/api.w.org\/{rel}","templated":true}]}}